{"id":1476,"date":"2023-11-27T04:48:17","date_gmt":"2023-11-27T04:48:17","guid":{"rendered":"https:\/\/g-uplearning.com\/?page_id=1476"},"modified":"2023-12-10T23:14:58","modified_gmt":"2023-12-10T23:14:58","slug":"datenschutzerklarung","status":"publish","type":"page","link":"https:\/\/g-uplearning.com\/en\/datenschutzerklarung\/","title":{"rendered":"Datenschutzerkl\u00e4rung"},"content":{"rendered":"<div data-elementor-type=\"wp-page\" data-elementor-id=\"1476\" class=\"elementor elementor-1476\" data-elementor-post-type=\"page\">\n\t\t\t\t<div class=\"elementor-element elementor-element-deee77b e-flex e-con-boxed e-con e-parent\" data-id=\"deee77b\" data-element_type=\"container\">\n\t\t\t\t\t<div class=\"e-con-inner\">\n\t\t\t\t<div class=\"elementor-element elementor-element-601b82b elementor-widget elementor-widget-heading\" data-id=\"601b82b\" data-element_type=\"widget\" data-widget_type=\"heading.default\">\n\t\t\t\t<div class=\"elementor-widget-container\">\n\t\t\t\t\t<p class=\"elementor-heading-title elementor-size-default\">Privacy Policy\u200b<\/p>\t\t\t\t<\/div>\n\t\t\t\t<\/div>\n\t\t\t\t<div class=\"elementor-element elementor-element-e6b652b elementor-widget elementor-widget-text-editor\" data-id=\"e6b652b\" data-element_type=\"widget\" data-widget_type=\"text-editor.default\">\n\t\t\t\t<div class=\"elementor-widget-container\">\n\t\t\t\t\t\t\t\t\t<p>\u00a0<\/p><p><span style=\"font-size: 11pt; font-family: Arial,sans-serif; color: #000000; background-color: transparent; font-weight: bold; font-style: normal; font-variant: normal; text-decoration: none; vertical-align: baseline; white-space: pre-wrap;\">General Data Protection Declaration<\/span><\/p><p><span style=\"font-size: 11pt; font-family: Arial,sans-serif; color: #000000; background-color: transparent; font-weight: 400; font-style: normal; font-variant: normal; text-decoration: none; vertical-align: baseline; white-space: pre-wrap;\">By using our website, you agree to the collection, processing and use of data as described below. Our website can generally be visited without registration. Data such as pages accessed or the name of the file accessed, date and time are stored on the server for statistical purposes without this data being directly related to you personally. Personal data, in particular name, address or email address, is collected on a voluntary basis wherever possible. Your data will not be passed on to third parties without your consent.<\/span><\/p><p><b style=\"font-weight: normal;\">\u00a0<\/b><\/p><p><span style=\"font-size: 11pt; font-family: Arial,sans-serif; color: #000000; background-color: transparent; font-weight: bold; font-style: normal; font-variant: normal; text-decoration: none; vertical-align: baseline; white-space: pre-wrap;\">Cookies<\/span><\/p><p><span style=\"font-size: 11pt; font-family: Arial,sans-serif; color: #000000; background-color: transparent; font-weight: 400; font-style: normal; font-variant: normal; text-decoration: none; vertical-align: baseline; white-space: pre-wrap;\">Our website uses cookies, which are small text files that are stored on the user's device to save specific user information while they use the website. Cookies help us to analyze page usage behavior, determine the frequency of use and number of users of the pages, and make our website more customer-friendly. These cookies remain stored at the end of a browser session and can be accessed again when you visit the site again. However, if you do not wish to accept cookies, you can set your internet browser to refuse them.<\/span><\/p><p><b style=\"font-weight: normal;\">\u00a0<\/b><\/p><p><span style=\"font-size: 11pt; font-family: Arial,sans-serif; color: #000000; background-color: transparent; font-weight: bold; font-style: normal; font-variant: normal; text-decoration: none; vertical-align: baseline; white-space: pre-wrap;\">Server Log Files<\/span><\/p><p><span style=\"font-size: 11pt; font-family: Arial,sans-serif; color: #000000; background-color: transparent; font-weight: 400; font-style: normal; font-variant: normal; text-decoration: none; vertical-align: baseline; white-space: pre-wrap;\">The provider of the pages automatically collects and stores information in so-called server log files, which your browser automatically transmits to us. These are:<\/span><\/p><p><span style=\"font-size: 11pt; font-family: Arial,sans-serif; color: #000000; background-color: transparent; font-weight: 400; font-style: normal; font-variant: normal; text-decoration: none; vertical-align: baseline; white-space: pre-wrap;\">Browser type\/browser version, operating system used, referrer URL, host name of the accessing computer, and time of the server request.<\/span><\/p><p><span style=\"font-size: 11pt; font-family: Arial,sans-serif; color: #000000; background-color: transparent; font-weight: 400; font-style: normal; font-variant: normal; text-decoration: none; vertical-align: baseline; white-space: pre-wrap;\">These data are not assignable to any person. This data will not be merged with other data sources.<\/span><\/p><p><span style=\"font-size: 11pt; font-family: Arial,sans-serif; color: #000000; background-color: transparent; font-weight: 400; font-style: normal; font-variant: normal; text-decoration: none; vertical-align: baseline; white-space: pre-wrap;\">We reserve the right to subsequently check this data if we become aware of concrete indications of illegal use.<\/span><\/p><p><b style=\"font-weight: normal;\">\u00a0<\/b><\/p><p><span style=\"font-size: 11pt; font-family: Arial,sans-serif; color: #000000; background-color: transparent; font-weight: bold; font-style: normal; font-variant: normal; text-decoration: none; vertical-align: baseline; white-space: pre-wrap;\">Deletion or Blocking of Data<\/span><\/p><p><span style=\"font-size: 11pt; font-family: Arial,sans-serif; color: #000000; background-color: transparent; font-weight: 400; font-style: normal; font-variant: normal; text-decoration: none; vertical-align: baseline; white-space: pre-wrap;\">We adhere to the principles of data avoidance and data economy. We therefore only store your personal data for as long as is necessary to achieve the purposes stated here or as required by the various storage periods provided by law. Once the respective purpose no longer applies or these deadlines have expired, the relevant data will be blocked or deleted routinely and in accordance with legal regulations.<\/span><\/p><p><b style=\"font-weight: normal;\">\u00a0<\/b><\/p><p><span style=\"font-size: 11pt; font-family: Arial,sans-serif; color: #000000; background-color: transparent; font-weight: bold; font-style: normal; font-variant: normal; text-decoration: none; vertical-align: baseline; white-space: pre-wrap;\">SSL Encryption<\/span><\/p><p><span style=\"font-size: 11pt; font-family: Arial,sans-serif; color: #000000; background-color: transparent; font-weight: 400; font-style: normal; font-variant: normal; text-decoration: none; vertical-align: baseline; white-space: pre-wrap;\">This site uses SSL encryption for security reasons and to protect the transmission of confidential content, such as the requests that you as the site operator send to us. You can recognize an encrypted connection by the browser address line changing from \u201chttp:\/\/\u201d to \u201chttps:\/\/\u201d and by the lock symbol in your browser line. If SSL encryption is activated, the data you transmit to us cannot be read by third parties.<\/span><\/p><p>\u00a0<\/p><p>\u00a0<\/p><p><span style=\"font-size: 11pt; font-family: Arial,sans-serif; color: #000000; background-color: transparent; font-weight: bold; font-style: normal; font-variant: normal; text-decoration: none; vertical-align: baseline; white-space: pre-wrap;\">Contact Form<\/span><\/p><p><span style=\"font-size: 11pt; font-family: Arial,sans-serif; color: #000000; background-color: transparent; font-weight: 400; font-style: normal; font-variant: normal; text-decoration: none; vertical-align: baseline; white-space: pre-wrap;\">When you use our contact form to send us inquiries, we will store the information you provide, including your contact details, to process your inquiry and follow up with any additional questions, if necessary. We will not share this information with anyone without your explicit consent.<\/span><\/p><p><b style=\"font-weight: normal;\">\u00a0<\/b><\/p><p><span style=\"font-size: 11pt; font-family: Arial,sans-serif; color: #000000; background-color: transparent; font-weight: bold; font-style: normal; font-variant: normal; text-decoration: none; vertical-align: baseline; white-space: pre-wrap;\">Google Analytics<\/span><\/p><p><span style=\"font-size: 11pt; font-family: Arial,sans-serif; color: #000000; background-color: transparent; font-weight: 400; font-style: normal; font-variant: normal; text-decoration: none; vertical-align: baseline; white-space: pre-wrap;\">Our website uses Google Analytics, a web analysis service provided by Google Inc., 1600 Amphitheater Parkway, Mountain View, CA 94043, USA. To deactivate Google Analytics, Google provides a browser plug-in at http:\/\/tools.google.com\/dlpage\/gaoptout?hl=de. Google Analytics uses cookies. These are small text files that make it possible to store specific, user-related information on the user's device. These enable Google to analyze the use of our website. The information collected by the cookie about the use of our pages (including your IP address) is usually transmitted to a Google server in the USA and stored there. We would like to point out that on this website Google Analytics has been expanded to include the code \u201cgat._anonymizeIp();\u201d to ensure anonymized collection of IP addresses (so-called IP masking).\nIf the anonymization feature is activated, Google will shorten IP addresses in member states of the European Union or other contracting states to the Agreement on the European Economic Area. Therefore, it is not possible to draw any conclusions about your identity. However, in exceptional cases, the full IP address may be transmitted to a Google server in the USA and will be shortened there. Google follows the data protection guidelines of the \"Privacy Shield\" agreement, and it is registered with the \"Privacy Shield\" program of the US Department of Commerce. The information collected is used to evaluate the use of our websites, prepare reports for us, and provide other related services.\u00a0<\/span><\/p><p>\u00a0<\/p>\t\t\t\t\t\t\t\t<\/div>\n\t\t\t\t<\/div>\n\t\t\t\t\t<\/div>\n\t\t\t\t<\/div>\n\t\t\t\t<\/div>","protected":false},"excerpt":{"rendered":"<p>Datenschutzerkl\u00e4rung\u200b \u00a0 Allgemeine Datenschutzerkl\u00e4rung Durch die Nutzung unserer Website erkl\u00e4ren Sie sich mit der Erhebung, Verarbeitung und Nutzung von Daten gem\u00e4\u00df der nachfolgenden Beschreibung einverstanden. Unsere Website kann grunds\u00e4tzlich ohne Registrierung besucht werden. Dabei werden Daten wie beispielsweise aufgerufene Seiten bzw. Namen der abgerufenen Datei, Datum und Uhrzeit zu statistischen Zwecken auf dem Server gespeichert, [&hellip;]<\/p>","protected":false},"author":2,"featured_media":0,"parent":0,"menu_order":0,"comment_status":"closed","ping_status":"closed","template":"","meta":{"om_disable_all_campaigns":false,"_monsterinsights_skip_tracking":false,"_monsterinsights_sitenote_active":false,"_monsterinsights_sitenote_note":"","_monsterinsights_sitenote_category":0,"footnotes":""},"class_list":["post-1476","page","type-page","status-publish","hentry"],"_links":{"self":[{"href":"https:\/\/g-uplearning.com\/en\/wp-json\/wp\/v2\/pages\/1476","targetHints":{"allow":["GET"]}}],"collection":[{"href":"https:\/\/g-uplearning.com\/en\/wp-json\/wp\/v2\/pages"}],"about":[{"href":"https:\/\/g-uplearning.com\/en\/wp-json\/wp\/v2\/types\/page"}],"author":[{"embeddable":true,"href":"https:\/\/g-uplearning.com\/en\/wp-json\/wp\/v2\/users\/2"}],"replies":[{"embeddable":true,"href":"https:\/\/g-uplearning.com\/en\/wp-json\/wp\/v2\/comments?post=1476"}],"version-history":[{"count":13,"href":"https:\/\/g-uplearning.com\/en\/wp-json\/wp\/v2\/pages\/1476\/revisions"}],"predecessor-version":[{"id":2377,"href":"https:\/\/g-uplearning.com\/en\/wp-json\/wp\/v2\/pages\/1476\/revisions\/2377"}],"wp:attachment":[{"href":"https:\/\/g-uplearning.com\/en\/wp-json\/wp\/v2\/media?parent=1476"}],"curies":[{"name":"wp","href":"https:\/\/api.w.org\/{rel}","templated":true}]}}