{"id":673,"date":"2023-11-10T10:20:24","date_gmt":"2023-11-10T10:20:24","guid":{"rendered":"https:\/\/g-uplearning.com\/?page_id=673"},"modified":"2025-10-22T01:53:41","modified_gmt":"2025-10-22T01:53:41","slug":"contenterstellung","status":"publish","type":"page","link":"https:\/\/g-uplearning.com\/en\/contenterstellung\/","title":{"rendered":"Content Creation"},"content":{"rendered":"<div data-elementor-type=\"wp-page\" data-elementor-id=\"673\" class=\"elementor elementor-673\" data-elementor-post-type=\"page\">\n\t\t\t\t<div class=\"elementor-element elementor-element-de63911 elementor-hidden-tablet elementor-hidden-mobile e-flex e-con-boxed e-con e-parent\" data-id=\"de63911\" data-element_type=\"container\" data-settings=\"{&quot;background_background&quot;:&quot;classic&quot;}\">\n\t\t\t\t\t<div class=\"e-con-inner\">\n\t\t\t\t<div class=\"elementor-element elementor-element-08deb83 elementor-widget elementor-widget-heading\" data-id=\"08deb83\" data-element_type=\"widget\" data-widget_type=\"heading.default\">\n\t\t\t\t<div class=\"elementor-widget-container\">\n\t\t\t\t\t<h1 class=\"elementor-heading-title elementor-size-default\">Content Creation <\/h1>\t\t\t\t<\/div>\n\t\t\t\t<\/div>\n\t\t\t\t<div class=\"elementor-element elementor-element-873c80a elementor-widget elementor-widget-heading\" data-id=\"873c80a\" data-element_type=\"widget\" data-widget_type=\"heading.default\">\n\t\t\t\t<div class=\"elementor-widget-container\">\n\t\t\t\t\t<h3 class=\"elementor-heading-title elementor-size-default\">Individual Content Creation for Effective Learning<\/h3>\t\t\t\t<\/div>\n\t\t\t\t<\/div>\n\t\t\t\t<div class=\"elementor-element elementor-element-98079a2 elementor-widget__width-initial elementor-widget elementor-widget-text-editor\" data-id=\"98079a2\" data-element_type=\"widget\" data-widget_type=\"text-editor.default\">\n\t\t\t\t<div class=\"elementor-widget-container\">\n\t\t\t\t\t\t\t\t\t<p style=\"text-align: left;\"><span style=\"font-weight: 400;\">Our content creation services are designed to help you achieve your learning goals and provide an optimal learning experience. Let's work together to ensure that your educational materials leave a lasting impression.<\/span><\/p>\t\t\t\t\t\t\t\t<\/div>\n\t\t\t\t<\/div>\n\t\t\t\t\t<\/div>\n\t\t\t\t<\/div>\n\t\t<div class=\"elementor-element elementor-element-50d97cd elementor-hidden-desktop e-flex e-con-boxed e-con e-parent\" data-id=\"50d97cd\" data-element_type=\"container\" data-settings=\"{&quot;background_background&quot;:&quot;classic&quot;}\">\n\t\t\t\t\t<div class=\"e-con-inner\">\n\t\t\t\t<div class=\"elementor-element elementor-element-ac60a4a elementor-widget elementor-widget-heading\" data-id=\"ac60a4a\" data-element_type=\"widget\" data-widget_type=\"heading.default\">\n\t\t\t\t<div class=\"elementor-widget-container\">\n\t\t\t\t\t<h1 class=\"elementor-heading-title elementor-size-default\">Content Creation <\/h1>\t\t\t\t<\/div>\n\t\t\t\t<\/div>\n\t\t\t\t<div class=\"elementor-element elementor-element-b445709 elementor-widget elementor-widget-heading\" data-id=\"b445709\" data-element_type=\"widget\" data-widget_type=\"heading.default\">\n\t\t\t\t<div class=\"elementor-widget-container\">\n\t\t\t\t\t<h3 class=\"elementor-heading-title elementor-size-default\">Individual Content Creation for Effective Learning<\/h3>\t\t\t\t<\/div>\n\t\t\t\t<\/div>\n\t\t\t\t<div class=\"elementor-element elementor-element-0e5ab02 elementor-widget__width-initial elementor-widget-mobile__width-initial elementor-widget elementor-widget-text-editor\" data-id=\"0e5ab02\" data-element_type=\"widget\" data-widget_type=\"text-editor.default\">\n\t\t\t\t<div class=\"elementor-widget-container\">\n\t\t\t\t\t\t\t\t\t<p style=\"text-align: left;\"><span style=\"font-weight: 400;\">Our content creation services are designed to help you achieve your learning goals and provide an optimal learning experience. Let's work together to ensure that your educational materials leave a lasting impression.<\/span><\/p>\t\t\t\t\t\t\t\t<\/div>\n\t\t\t\t<\/div>\n\t\t\t\t\t<\/div>\n\t\t\t\t<\/div>\n\t\t<div class=\"elementor-element elementor-element-8b06b51 e-flex e-con-boxed e-con e-parent\" data-id=\"8b06b51\" data-element_type=\"container\">\n\t\t\t\t\t<div class=\"e-con-inner\">\n\t\t<div class=\"elementor-element elementor-element-0f5512a e-grid e-con-boxed e-con e-child\" data-id=\"0f5512a\" data-element_type=\"container\">\n\t\t\t\t\t<div class=\"e-con-inner\">\n\t\t\t\t<div class=\"elementor-element elementor-element-71b5fdd elementor-widget elementor-widget-image\" data-id=\"71b5fdd\" data-element_type=\"widget\" data-widget_type=\"image.default\">\n\t\t\t\t<div class=\"elementor-widget-container\">\n\t\t\t\t\t\t\t\t\t\t\t\t\t\t\t<img fetchpriority=\"high\" decoding=\"async\" width=\"300\" height=\"300\" src=\"https:\/\/g-uplearning.com\/wp-content\/uploads\/2023\/11\/Artboard-2-300x300.png\" class=\"attachment-medium size-medium wp-image-902\" alt=\"\" srcset=\"https:\/\/g-uplearning.com\/wp-content\/uploads\/2023\/11\/Artboard-2-300x300.png 300w, https:\/\/g-uplearning.com\/wp-content\/uploads\/2023\/11\/Artboard-2-1024x1024.png 1024w, https:\/\/g-uplearning.com\/wp-content\/uploads\/2023\/11\/Artboard-2-150x150.png 150w, https:\/\/g-uplearning.com\/wp-content\/uploads\/2023\/11\/Artboard-2-768x768.png 768w, https:\/\/g-uplearning.com\/wp-content\/uploads\/2023\/11\/Artboard-2.png 1080w\" sizes=\"(max-width: 300px) 100vw, 300px\" \/>\t\t\t\t\t\t\t\t\t\t\t\t\t\t\t<\/div>\n\t\t\t\t<\/div>\n\t\t\t\t<div class=\"elementor-element elementor-element-56d8988 elementor-widget elementor-widget-text-editor\" data-id=\"56d8988\" data-element_type=\"widget\" data-widget_type=\"text-editor.default\">\n\t\t\t\t<div class=\"elementor-widget-container\">\n\t\t\t\t\t\t\t\t\t<h3 style=\"text-align: center;\"><strong>Web-Based Training (WBT)<\/strong><\/h3><p style=\"text-align: left;\"><span style=\"font-weight: 400;\">We create web-based training that is interactive and user-friendly, offering learners an optimal educational experience with integrated processes.<\/span><\/p>\t\t\t\t\t\t\t\t<\/div>\n\t\t\t\t<\/div>\n\t\t<div class=\"elementor-element elementor-element-5833a4e e-grid e-con-boxed e-con e-child\" data-id=\"5833a4e\" data-element_type=\"container\" data-settings=\"{&quot;background_background&quot;:&quot;slideshow&quot;,&quot;background_slideshow_gallery&quot;:[],&quot;background_slideshow_loop&quot;:&quot;yes&quot;,&quot;background_slideshow_slide_duration&quot;:5000,&quot;background_slideshow_slide_transition&quot;:&quot;fade&quot;,&quot;background_slideshow_transition_duration&quot;:500}\">\n\t\t\t\t\t<div class=\"e-con-inner\">\n\t\t\t\t<div class=\"elementor-element elementor-element-7d9e92a elementor-widget__width-initial elementor-widget elementor-widget-video\" data-id=\"7d9e92a\" data-element_type=\"widget\" data-settings=\"{&quot;video_type&quot;:&quot;hosted&quot;,&quot;mute&quot;:&quot;yes&quot;,&quot;loop&quot;:&quot;yes&quot;,&quot;controls&quot;:&quot;yes&quot;}\" data-widget_type=\"video.default\">\n\t\t\t\t<div class=\"elementor-widget-container\">\n\t\t\t\t\t\t\t<div class=\"e-hosted-video elementor-wrapper elementor-open-inline\">\n\t\t\t\t\t<video class=\"elementor-video\" src=\"https:\/\/g-uplearning.com\/wp-content\/uploads\/2024\/06\/Web-based-Trainings.mp4\" loop=\"\" controls=\"\" preload=\"metadata\" muted=\"muted\" controlslist=\"nodownload\" poster=\"https:\/\/g-uplearning.com\/wp-content\/uploads\/2024\/06\/Web-based-Trainings-frame-at-0m3s.jpg\"><\/video>\n\t\t\t\t<\/div>\n\t\t\t\t\t\t<\/div>\n\t\t\t\t<\/div>\n\t\t\t\t\t<\/div>\n\t\t\t\t<\/div>\n\t\t\t\t\t<\/div>\n\t\t\t\t<\/div>\n\t\t<div class=\"elementor-element elementor-element-52ddf6f e-flex e-con-boxed e-con e-child\" data-id=\"52ddf6f\" data-element_type=\"container\">\n\t\t\t\t\t<div class=\"e-con-inner\">\n\t\t<div class=\"elementor-element elementor-element-faffe08 e-grid e-con-boxed e-con e-child\" data-id=\"faffe08\" data-element_type=\"container\">\n\t\t\t\t\t<div class=\"e-con-inner\">\n\t\t<div class=\"elementor-element elementor-element-605301e e-grid e-con-boxed e-con e-child\" data-id=\"605301e\" data-element_type=\"container\" data-settings=\"{&quot;background_background&quot;:&quot;classic&quot;}\">\n\t\t\t\t\t<div class=\"e-con-inner\">\n\t\t\t\t<div class=\"elementor-element elementor-element-4e88589 elementor-widget__width-initial elementor-widget elementor-widget-video\" data-id=\"4e88589\" data-element_type=\"widget\" data-settings=\"{&quot;video_type&quot;:&quot;hosted&quot;,&quot;mute&quot;:&quot;yes&quot;,&quot;loop&quot;:&quot;yes&quot;,&quot;controls&quot;:&quot;yes&quot;}\" data-widget_type=\"video.default\">\n\t\t\t\t<div class=\"elementor-widget-container\">\n\t\t\t\t\t\t\t<div class=\"e-hosted-video elementor-wrapper elementor-open-inline\">\n\t\t\t\t\t<video class=\"elementor-video\" src=\"https:\/\/g-uplearning.com\/wp-content\/uploads\/2024\/06\/2-Erklarungsvideo.mp4\" loop=\"\" controls=\"\" preload=\"metadata\" muted=\"muted\" controlslist=\"nodownload\" poster=\"https:\/\/g-uplearning.com\/wp-content\/uploads\/2024\/06\/Erklarungsvideo-frame-at-0m2s.jpg\"><\/video>\n\t\t\t\t<\/div>\n\t\t\t\t\t\t<\/div>\n\t\t\t\t<\/div>\n\t\t\t\t\t<\/div>\n\t\t\t\t<\/div>\n\t\t\t\t<div class=\"elementor-element elementor-element-64751ad elementor-widget elementor-widget-text-editor\" data-id=\"64751ad\" data-element_type=\"widget\" data-widget_type=\"text-editor.default\">\n\t\t\t\t<div class=\"elementor-widget-container\">\n\t\t\t\t\t\t\t\t\t<h3 style=\"text-align: center;\"><strong>Explanation Videos<\/strong><\/h3><h4 style=\"text-align: left;\"><span style=\"font-weight: 400;\">Tailored explainer videos illustrate complex concepts clearly and understandably. We make difficult content easy to understand with visually appealing animations and informative audio recordings.<\/span><\/h4>\t\t\t\t\t\t\t\t<\/div>\n\t\t\t\t<\/div>\n\t\t\t\t<div class=\"elementor-element elementor-element-f2d046b elementor-widget elementor-widget-image\" data-id=\"f2d046b\" data-element_type=\"widget\" data-widget_type=\"image.default\">\n\t\t\t\t<div class=\"elementor-widget-container\">\n\t\t\t\t\t\t\t\t\t\t\t\t\t\t\t<img decoding=\"async\" width=\"300\" height=\"300\" src=\"https:\/\/g-uplearning.com\/wp-content\/uploads\/2023\/11\/Artboard-3-300x300.png\" class=\"attachment-medium size-medium wp-image-903\" alt=\"\" srcset=\"https:\/\/g-uplearning.com\/wp-content\/uploads\/2023\/11\/Artboard-3-300x300.png 300w, https:\/\/g-uplearning.com\/wp-content\/uploads\/2023\/11\/Artboard-3-1024x1024.png 1024w, https:\/\/g-uplearning.com\/wp-content\/uploads\/2023\/11\/Artboard-3-150x150.png 150w, https:\/\/g-uplearning.com\/wp-content\/uploads\/2023\/11\/Artboard-3-768x768.png 768w, https:\/\/g-uplearning.com\/wp-content\/uploads\/2023\/11\/Artboard-3.png 1080w\" sizes=\"(max-width: 300px) 100vw, 300px\" \/>\t\t\t\t\t\t\t\t\t\t\t\t\t\t\t<\/div>\n\t\t\t\t<\/div>\n\t\t\t\t\t<\/div>\n\t\t\t\t<\/div>\n\t\t\t\t\t<\/div>\n\t\t\t\t<\/div>\n\t\t\t\t\t<\/div>\n\t\t\t\t<\/div>\n\t\t<div class=\"elementor-element elementor-element-5bca9f5 e-flex e-con-boxed e-con e-parent\" data-id=\"5bca9f5\" data-element_type=\"container\">\n\t\t\t\t\t<div class=\"e-con-inner\">\n\t\t<div class=\"elementor-element elementor-element-13e4e9e e-grid e-con-boxed e-con e-child\" data-id=\"13e4e9e\" data-element_type=\"container\">\n\t\t\t\t\t<div class=\"e-con-inner\">\n\t\t\t\t<div class=\"elementor-element elementor-element-920c459 elementor-widget elementor-widget-image\" data-id=\"920c459\" data-element_type=\"widget\" data-widget_type=\"image.default\">\n\t\t\t\t<div class=\"elementor-widget-container\">\n\t\t\t\t\t\t\t\t\t\t\t\t\t\t\t<img decoding=\"async\" width=\"300\" height=\"300\" src=\"https:\/\/g-uplearning.com\/wp-content\/uploads\/2023\/11\/Artboard-4-300x300.png\" class=\"attachment-medium size-medium wp-image-904\" alt=\"\" srcset=\"https:\/\/g-uplearning.com\/wp-content\/uploads\/2023\/11\/Artboard-4-300x300.png 300w, https:\/\/g-uplearning.com\/wp-content\/uploads\/2023\/11\/Artboard-4-1024x1024.png 1024w, https:\/\/g-uplearning.com\/wp-content\/uploads\/2023\/11\/Artboard-4-150x150.png 150w, https:\/\/g-uplearning.com\/wp-content\/uploads\/2023\/11\/Artboard-4-768x768.png 768w, https:\/\/g-uplearning.com\/wp-content\/uploads\/2023\/11\/Artboard-4.png 1080w\" sizes=\"(max-width: 300px) 100vw, 300px\" \/>\t\t\t\t\t\t\t\t\t\t\t\t\t\t\t<\/div>\n\t\t\t\t<\/div>\n\t\t\t\t<div class=\"elementor-element elementor-element-d59b66a elementor-widget elementor-widget-text-editor\" data-id=\"d59b66a\" data-element_type=\"widget\" data-widget_type=\"text-editor.default\">\n\t\t\t\t<div class=\"elementor-widget-container\">\n\t\t\t\t\t\t\t\t\t<h3><strong>Infographics and Illustrations<\/strong><\/h3><h4 style=\"text-align: left;\"><span style=\"font-weight: 400;\">A well-designed infographic can convey complex information briefly. We combine visually appealing graphics with concise text to effectively convey your message with clarity.<\/span><\/h4>\t\t\t\t\t\t\t\t<\/div>\n\t\t\t\t<\/div>\n\t\t<div class=\"elementor-element elementor-element-8317764 e-grid e-con-boxed e-con e-child\" data-id=\"8317764\" data-element_type=\"container\" data-settings=\"{&quot;background_background&quot;:&quot;slideshow&quot;,&quot;background_slideshow_gallery&quot;:[],&quot;background_slideshow_loop&quot;:&quot;yes&quot;,&quot;background_slideshow_slide_duration&quot;:5000,&quot;background_slideshow_slide_transition&quot;:&quot;fade&quot;,&quot;background_slideshow_transition_duration&quot;:500}\">\n\t\t\t\t\t<div class=\"e-con-inner\">\n\t\t\t\t<div class=\"elementor-element elementor-element-900156d elementor-widget__width-initial elementor-widget elementor-widget-video\" data-id=\"900156d\" data-element_type=\"widget\" data-settings=\"{&quot;video_type&quot;:&quot;hosted&quot;,&quot;mute&quot;:&quot;yes&quot;,&quot;loop&quot;:&quot;yes&quot;,&quot;controls&quot;:&quot;yes&quot;}\" data-widget_type=\"video.default\">\n\t\t\t\t<div class=\"elementor-widget-container\">\n\t\t\t\t\t\t\t<div class=\"e-hosted-video elementor-wrapper elementor-open-inline\">\n\t\t\t\t\t<video class=\"elementor-video\" src=\"https:\/\/g-uplearning.com\/wp-content\/uploads\/2024\/06\/Infografiken-und-Text-neben-Bild.mp4\" loop=\"\" controls=\"\" preload=\"metadata\" muted=\"muted\" controlslist=\"nodownload\" poster=\"https:\/\/g-uplearning.com\/wp-content\/uploads\/2024\/06\/Infografiken-und-Text-neben-Bild-frame-at-0m3s.jpg\"><\/video>\n\t\t\t\t<\/div>\n\t\t\t\t\t\t<\/div>\n\t\t\t\t<\/div>\n\t\t\t\t\t<\/div>\n\t\t\t\t<\/div>\n\t\t\t\t\t<\/div>\n\t\t\t\t<\/div>\n\t\t\t\t\t<\/div>\n\t\t\t\t<\/div>\n\t\t\t\t<\/div>","protected":false},"excerpt":{"rendered":"<p>Contenterstellung Individuelle Contenterstellung f\u00fcr Effektives Lernen Unsere Contenterstellungsdienstleistungen sind darauf ausgerichtet, Ihre Lernziele zu unterst\u00fctzen und ein optimales Lernerlebnis zu bieten. Lassen Sie uns gemeinsam daf\u00fcr sorgen, dass Ihr Bildungsmaterial einen bleibenden Eindruck hinterl\u00e4sst. Contenterstellung Individuierte Contenterstellung f\u00fcr Effektives Lernen Unsere Contenterstellungsdienstleistungen sind darauf ausgerichtet, Ihre Lernziele zu unterst\u00fctzen und ein optimales Lernerlebnis zu bieten. [&hellip;]<\/p>","protected":false},"author":2,"featured_media":0,"parent":0,"menu_order":0,"comment_status":"closed","ping_status":"closed","template":"","meta":{"om_disable_all_campaigns":false,"_monsterinsights_skip_tracking":false,"_monsterinsights_sitenote_active":false,"_monsterinsights_sitenote_note":"","_monsterinsights_sitenote_category":0,"footnotes":""},"class_list":["post-673","page","type-page","status-publish","hentry"],"_links":{"self":[{"href":"https:\/\/g-uplearning.com\/en\/wp-json\/wp\/v2\/pages\/673","targetHints":{"allow":["GET"]}}],"collection":[{"href":"https:\/\/g-uplearning.com\/en\/wp-json\/wp\/v2\/pages"}],"about":[{"href":"https:\/\/g-uplearning.com\/en\/wp-json\/wp\/v2\/types\/page"}],"author":[{"embeddable":true,"href":"https:\/\/g-uplearning.com\/en\/wp-json\/wp\/v2\/users\/2"}],"replies":[{"embeddable":true,"href":"https:\/\/g-uplearning.com\/en\/wp-json\/wp\/v2\/comments?post=673"}],"version-history":[{"count":67,"href":"https:\/\/g-uplearning.com\/en\/wp-json\/wp\/v2\/pages\/673\/revisions"}],"predecessor-version":[{"id":3482,"href":"https:\/\/g-uplearning.com\/en\/wp-json\/wp\/v2\/pages\/673\/revisions\/3482"}],"wp:attachment":[{"href":"https:\/\/g-uplearning.com\/en\/wp-json\/wp\/v2\/media?parent=673"}],"curies":[{"name":"wp","href":"https:\/\/api.w.org\/{rel}","templated":true}]}}